{"id":3207,"date":"2024-11-25T13:24:43","date_gmt":"2024-11-25T13:24:43","guid":{"rendered":"https:\/\/po-paris.com\/?post_type=product&#038;p=3207"},"modified":"2025-08-07T12:12:42","modified_gmt":"2025-08-07T12:12:42","slug":"housse-de-coussin-kub","status":"publish","type":"product","link":"https:\/\/po-paris.com\/en\/product\/housse-de-coussin-kub\/","title":{"rendered":"Kub Cushion Cover"},"content":{"rendered":"<p>Kilim en laine tiss\u00e9 \u00e0 la main sur un m\u00e9tier \u00e0 tisser traditionnel. Le jeu de couleurs dessine un motif g\u00e9om\u00e9trique en perspective. La teinture de la laine est faite \u00e0 la main, des variations sont difficiles \u00e0 contr\u00f4ler et in\u00e9vitables. Chaque pi\u00e8ce est ainsi unique. Le temps de livraison est de 2 \u00e0 3 mois. Nous pouvons r\u00e9aliser des nombreuses combinaisons de couleurs sur commande. On conseille n\u00e9anmoins de limiter le choix \u00e0 la troisi\u00e8me couleur en laissant comme deux principales l&rsquo;\u00e9cru et le gris naturel. D&rsquo;autres tailles sont \u00e9galement r\u00e9alisables \u00e0 la demande. N&rsquo;h\u00e9sitez pas de nous contacter par t\u00e9l\u00e9phone ou par email.<\/p>","protected":false},"excerpt":{"rendered":"<p>Wool cushion cover, handwoven on a traditional loom. The interplay of colors creates a geometric pattern in perspective. The wool is hand-dyed, and variations are difficult to control and inevitable. Each piece is thus unique.<\/p>\n<p>The delivery time is 2 to 3 months. We can create numerous color combinations upon request. However, we recommend limiting the choice to a third color, keeping the main two as ecru and natural gray. Please feel free to contact us by phone or email.<\/p>","protected":false},"featured_media":3159,"template":"","meta":{"site-sidebar-layout":"default","site-content-layout":"","ast-site-content-layout":"default","site-content-style":"default","site-sidebar-style":"default","ast-global-header-display":"","ast-banner-title-visibility":"","ast-main-header-display":"","ast-hfb-above-header-display":"","ast-hfb-below-header-display":"","ast-hfb-mobile-header-display":"","site-post-title":"","ast-breadcrumbs-content":"","ast-featured-img":"","footer-sml-layout":"","ast-disable-related-posts":"","theme-transparent-header-meta":"default","adv-header-id-meta":"","stick-header-meta":"","header-above-stick-meta":"","header-main-stick-meta":"","header-below-stick-meta":"","astra-migrate-meta-layouts":"set","ast-page-background-enabled":"default","ast-page-background-meta":{"desktop":{"background-color":"var(--ast-global-color-4)","background-image":"","background-repeat":"repeat","background-position":"center center","background-size":"auto","background-attachment":"scroll","background-type":"","background-media":"","overlay-type":"","overlay-color":"","overlay-opacity":"","overlay-gradient":""},"tablet":{"background-color":"","background-image":"","background-repeat":"repeat","background-position":"center center","background-size":"auto","background-attachment":"scroll","background-type":"","background-media":"","overlay-type":"","overlay-color":"","overlay-opacity":"","overlay-gradient":""},"mobile":{"background-color":"","background-image":"","background-repeat":"repeat","background-position":"center center","background-size":"auto","background-attachment":"scroll","background-type":"","background-media":"","overlay-type":"","overlay-color":"","overlay-opacity":"","overlay-gradient":""}},"ast-content-background-meta":{"desktop":{"background-color":"var(--ast-global-color-5)","background-image":"","background-repeat":"repeat","background-position":"center center","background-size":"auto","background-attachment":"scroll","background-type":"","background-media":"","overlay-type":"","overlay-color":"","overlay-opacity":"","overlay-gradient":""},"tablet":{"background-color":"var(--ast-global-color-5)","background-image":"","background-repeat":"repeat","background-position":"center center","background-size":"auto","background-attachment":"scroll","background-type":"","background-media":"","overlay-type":"","overlay-color":"","overlay-opacity":"","overlay-gradient":""},"mobile":{"background-color":"var(--ast-global-color-5)","background-image":"","background-repeat":"repeat","background-position":"center center","background-size":"auto","background-attachment":"scroll","background-type":"","background-media":"","overlay-type":"","overlay-color":"","overlay-opacity":"","overlay-gradient":""}}},"product_brand":[],"product_cat":[31,105,27],"product_tag":[],"class_list":{"0":"post-3207","1":"product","2":"type-product","3":"status-publish","4":"has-post-thumbnail","6":"product_cat-coussins","7":"product_cat-coussins-en-laine","8":"product_cat-tissages","9":"desktop-align-left","10":"tablet-align-left","11":"mobile-align-left","12":"ast-product-gallery-layout-horizontal-slider","13":"ast-product-gallery-with-no-image","14":"ast-magnify-disabled","15":"ast-product-single-variable","17":"first","18":"onbackorder","19":"taxable","20":"shipping-taxable","21":"purchasable","22":"product-type-variable"},"acf":[],"_links":{"self":[{"href":"https:\/\/po-paris.com\/en\/wp-json\/wp\/v2\/product\/3207","targetHints":{"allow":["GET"]}}],"collection":[{"href":"https:\/\/po-paris.com\/en\/wp-json\/wp\/v2\/product"}],"about":[{"href":"https:\/\/po-paris.com\/en\/wp-json\/wp\/v2\/types\/product"}],"wp:featuredmedia":[{"embeddable":true,"href":"https:\/\/po-paris.com\/en\/wp-json\/wp\/v2\/media\/3159"}],"wp:attachment":[{"href":"https:\/\/po-paris.com\/en\/wp-json\/wp\/v2\/media?parent=3207"}],"wp:term":[{"taxonomy":"product_brand","embeddable":true,"href":"https:\/\/po-paris.com\/en\/wp-json\/wp\/v2\/product_brand?post=3207"},{"taxonomy":"product_cat","embeddable":true,"href":"https:\/\/po-paris.com\/en\/wp-json\/wp\/v2\/product_cat?post=3207"},{"taxonomy":"product_tag","embeddable":true,"href":"https:\/\/po-paris.com\/en\/wp-json\/wp\/v2\/product_tag?post=3207"}],"curies":[{"name":"wp","href":"https:\/\/api.w.org\/{rel}","templated":true}]}}