{"id":5917,"date":"2025-03-20T14:16:48","date_gmt":"2025-03-20T14:16:48","guid":{"rendered":"https:\/\/po-paris.com\/?post_type=product&#038;p=5917"},"modified":"2025-03-21T11:39:09","modified_gmt":"2025-03-21T11:39:09","slug":"housse-de-coussin-en-jute-brodee-nelson-mandela","status":"publish","type":"product","link":"https:\/\/po-paris.com\/en\/product\/housse-de-coussin-en-jute-brodee-nelson-mandela\/","title":{"rendered":"Housse de coussin en Jute brod\u00e9e Nelson Mandela"},"content":{"rendered":"","protected":false},"excerpt":{"rendered":"<p>La collection des housses de coussin des \u00ab\u00a0h\u00e9ros\u00a0\u00bb est brod\u00e9e \u00e0 la main sur la jute des sacs utilis\u00e9s pour le transport du caf\u00e9. Le fond brut peut laisser apparaitre la marque du producteur de caf\u00e9. Les housses ont un usage principalement d\u00e9coratif sur un canap\u00e9 ou un lit.<\/p>\n<p>Nous avons choisi des personnages emblematiques de notre histoire, allant des ic\u00f4nes de la Pop, du rock aux chefs de files des batailles des droits civiques. Chaque pi\u00e8ce, tiss\u00e9e, nou\u00e9e et brod\u00e9e \u00e0 la main est ainsi unique. Le temps de livraison est de environ 8 semaines.<\/p>\n<p>Ici, Nelson Mandela \u00ab\u00a0Madiba\u00a0\u00bb, l&rsquo;un des dirigeants historiques de la lutte contre l&rsquo;apartheid avant de devenir pr\u00e9sident de la R\u00e9publique d&rsquo;Afrique du Sud \u00e0 la suite des premi\u00e8res \u00e9lections non s\u00e9gr\u00e9gationnistes.<\/p>","protected":false},"featured_media":5899,"template":"","meta":{"site-sidebar-layout":"default","site-content-layout":"","ast-site-content-layout":"default","site-content-style":"default","site-sidebar-style":"default","ast-global-header-display":"","ast-banner-title-visibility":"","ast-main-header-display":"","ast-hfb-above-header-display":"","ast-hfb-below-header-display":"","ast-hfb-mobile-header-display":"","site-post-title":"","ast-breadcrumbs-content":"","ast-featured-img":"","footer-sml-layout":"","ast-disable-related-posts":"","theme-transparent-header-meta":"default","adv-header-id-meta":"","stick-header-meta":"","header-above-stick-meta":"","header-main-stick-meta":"","header-below-stick-meta":"","astra-migrate-meta-layouts":"set","ast-page-background-enabled":"default","ast-page-background-meta":{"desktop":{"background-color":"var(--ast-global-color-4)","background-image":"","background-repeat":"repeat","background-position":"center center","background-size":"auto","background-attachment":"scroll","background-type":"","background-media":"","overlay-type":"","overlay-color":"","overlay-opacity":"","overlay-gradient":""},"tablet":{"background-color":"","background-image":"","background-repeat":"repeat","background-position":"center center","background-size":"auto","background-attachment":"scroll","background-type":"","background-media":"","overlay-type":"","overlay-color":"","overlay-opacity":"","overlay-gradient":""},"mobile":{"background-color":"","background-image":"","background-repeat":"repeat","background-position":"center center","background-size":"auto","background-attachment":"scroll","background-type":"","background-media":"","overlay-type":"","overlay-color":"","overlay-opacity":"","overlay-gradient":""}},"ast-content-background-meta":{"desktop":{"background-color":"var(--ast-global-color-5)","background-image":"","background-repeat":"repeat","background-position":"center center","background-size":"auto","background-attachment":"scroll","background-type":"","background-media":"","overlay-type":"","overlay-color":"","overlay-opacity":"","overlay-gradient":""},"tablet":{"background-color":"var(--ast-global-color-5)","background-image":"","background-repeat":"repeat","background-position":"center center","background-size":"auto","background-attachment":"scroll","background-type":"","background-media":"","overlay-type":"","overlay-color":"","overlay-opacity":"","overlay-gradient":""},"mobile":{"background-color":"var(--ast-global-color-5)","background-image":"","background-repeat":"repeat","background-position":"center center","background-size":"auto","background-attachment":"scroll","background-type":"","background-media":"","overlay-type":"","overlay-color":"","overlay-opacity":"","overlay-gradient":""}}},"product_brand":[],"product_cat":[31,106,27],"product_tag":[],"class_list":{"0":"post-5917","1":"product","2":"type-product","3":"status-publish","4":"has-post-thumbnail","6":"product_cat-coussins","7":"product_cat-coussins-en-jute","8":"product_cat-tissages","9":"desktop-align-left","10":"tablet-align-left","11":"mobile-align-left","12":"ast-product-gallery-layout-horizontal-slider","13":"ast-product-gallery-with-no-image","14":"ast-magnify-disabled","16":"first","17":"instock","18":"taxable","19":"shipping-taxable","20":"purchasable","21":"product-type-simple"},"acf":[],"_links":{"self":[{"href":"https:\/\/po-paris.com\/en\/wp-json\/wp\/v2\/product\/5917","targetHints":{"allow":["GET"]}}],"collection":[{"href":"https:\/\/po-paris.com\/en\/wp-json\/wp\/v2\/product"}],"about":[{"href":"https:\/\/po-paris.com\/en\/wp-json\/wp\/v2\/types\/product"}],"wp:featuredmedia":[{"embeddable":true,"href":"https:\/\/po-paris.com\/en\/wp-json\/wp\/v2\/media\/5899"}],"wp:attachment":[{"href":"https:\/\/po-paris.com\/en\/wp-json\/wp\/v2\/media?parent=5917"}],"wp:term":[{"taxonomy":"product_brand","embeddable":true,"href":"https:\/\/po-paris.com\/en\/wp-json\/wp\/v2\/product_brand?post=5917"},{"taxonomy":"product_cat","embeddable":true,"href":"https:\/\/po-paris.com\/en\/wp-json\/wp\/v2\/product_cat?post=5917"},{"taxonomy":"product_tag","embeddable":true,"href":"https:\/\/po-paris.com\/en\/wp-json\/wp\/v2\/product_tag?post=5917"}],"curies":[{"name":"wp","href":"https:\/\/api.w.org\/{rel}","templated":true}]}}