{"id":7034,"date":"2026-04-25T10:29:36","date_gmt":"2026-04-25T10:29:36","guid":{"rendered":"https:\/\/po-paris.com\/?post_type=product&#038;p=7034"},"modified":"2026-04-25T11:25:07","modified_gmt":"2026-04-25T11:25:07","slug":"mobile-libra-2","status":"publish","type":"product","link":"https:\/\/po-paris.com\/en\/product\/mobile-libra-2\/","title":{"rendered":"Applique Libra"},"content":{"rendered":"","protected":false},"excerpt":{"rendered":"<p data-start=\"127\" data-end=\"364\">L\u2019applique Libra est con\u00e7ue pour offrir un \u00e9clairage pr\u00e9cis et modulable selon les besoins.<br data-start=\"222\" data-end=\"225\" \/>Son syst\u00e8me de contrepoids en c\u00e9ramique permet un ajustement de la hauteur d\u2019environ 10 cm, assurant une mise en position simple et fluide.<\/p>\n<p data-start=\"366\" data-end=\"557\">La structure est propos\u00e9e en laiton poli ou en finition oxyd\u00e9e gris fonc\u00e9.<br data-start=\"440\" data-end=\"443\" \/>Elle est associ\u00e9e \u00e0 un abat-jour en feutre de laine, fa\u00e7onn\u00e9 \u00e0 la main, qui diffuse une lumi\u00e8re douce et homog\u00e8ne.<\/p>","protected":false},"featured_media":7050,"template":"","meta":{"site-sidebar-layout":"default","site-content-layout":"","ast-site-content-layout":"default","site-content-style":"default","site-sidebar-style":"default","ast-global-header-display":"","ast-banner-title-visibility":"","ast-main-header-display":"","ast-hfb-above-header-display":"","ast-hfb-below-header-display":"","ast-hfb-mobile-header-display":"","site-post-title":"","ast-breadcrumbs-content":"","ast-featured-img":"","footer-sml-layout":"","ast-disable-related-posts":"","theme-transparent-header-meta":"default","adv-header-id-meta":"","stick-header-meta":"","header-above-stick-meta":"","header-main-stick-meta":"","header-below-stick-meta":"","astra-migrate-meta-layouts":"set","ast-page-background-enabled":"default","ast-page-background-meta":{"desktop":{"background-color":"var(--ast-global-color-4)","background-image":"","background-repeat":"repeat","background-position":"center center","background-size":"auto","background-attachment":"scroll","background-type":"","background-media":"","overlay-type":"","overlay-color":"","overlay-opacity":"","overlay-gradient":""},"tablet":{"background-color":"","background-image":"","background-repeat":"repeat","background-position":"center center","background-size":"auto","background-attachment":"scroll","background-type":"","background-media":"","overlay-type":"","overlay-color":"","overlay-opacity":"","overlay-gradient":""},"mobile":{"background-color":"","background-image":"","background-repeat":"repeat","background-position":"center center","background-size":"auto","background-attachment":"scroll","background-type":"","background-media":"","overlay-type":"","overlay-color":"","overlay-opacity":"","overlay-gradient":""}},"ast-content-background-meta":{"desktop":{"background-color":"var(--ast-global-color-5)","background-image":"","background-repeat":"repeat","background-position":"center center","background-size":"auto","background-attachment":"scroll","background-type":"","background-media":"","overlay-type":"","overlay-color":"","overlay-opacity":"","overlay-gradient":""},"tablet":{"background-color":"var(--ast-global-color-5)","background-image":"","background-repeat":"repeat","background-position":"center center","background-size":"auto","background-attachment":"scroll","background-type":"","background-media":"","overlay-type":"","overlay-color":"","overlay-opacity":"","overlay-gradient":""},"mobile":{"background-color":"var(--ast-global-color-5)","background-image":"","background-repeat":"repeat","background-position":"center center","background-size":"auto","background-attachment":"scroll","background-type":"","background-media":"","overlay-type":"","overlay-color":"","overlay-opacity":"","overlay-gradient":""}}},"product_brand":[],"product_cat":[29,25,26],"product_tag":[],"class_list":{"0":"post-7034","1":"product","2":"type-product","3":"status-publish","4":"has-post-thumbnail","6":"product_cat-appliques-murales","7":"product_cat-luminaires","8":"product_cat-suspensions","9":"desktop-align-left","10":"tablet-align-left","11":"mobile-align-left","12":"ast-product-gallery-layout-horizontal-slider","13":"ast-magnify-disabled","14":"ast-product-single-variable","16":"first","17":"onbackorder","18":"taxable","19":"shipping-taxable","20":"purchasable","21":"product-type-variable"},"acf":[],"_links":{"self":[{"href":"https:\/\/po-paris.com\/en\/wp-json\/wp\/v2\/product\/7034","targetHints":{"allow":["GET"]}}],"collection":[{"href":"https:\/\/po-paris.com\/en\/wp-json\/wp\/v2\/product"}],"about":[{"href":"https:\/\/po-paris.com\/en\/wp-json\/wp\/v2\/types\/product"}],"wp:featuredmedia":[{"embeddable":true,"href":"https:\/\/po-paris.com\/en\/wp-json\/wp\/v2\/media\/7050"}],"wp:attachment":[{"href":"https:\/\/po-paris.com\/en\/wp-json\/wp\/v2\/media?parent=7034"}],"wp:term":[{"taxonomy":"product_brand","embeddable":true,"href":"https:\/\/po-paris.com\/en\/wp-json\/wp\/v2\/product_brand?post=7034"},{"taxonomy":"product_cat","embeddable":true,"href":"https:\/\/po-paris.com\/en\/wp-json\/wp\/v2\/product_cat?post=7034"},{"taxonomy":"product_tag","embeddable":true,"href":"https:\/\/po-paris.com\/en\/wp-json\/wp\/v2\/product_tag?post=7034"}],"curies":[{"name":"wp","href":"https:\/\/api.w.org\/{rel}","templated":true}]}}